{"id":12358,"date":"2023-11-11T13:34:11","date_gmt":"2023-11-11T13:34:11","guid":{"rendered":"https:\/\/mothersofthe.earth\/?page_id=12358"},"modified":"2023-11-12T21:01:10","modified_gmt":"2023-11-12T21:01:10","slug":"impressum","status":"publish","type":"page","link":"https:\/\/mothersofthe.earth\/en\/impressum\/","title":{"rendered":"Imprint"},"content":{"rendered":"\t\t<div data-elementor-type=\"wp-page\" data-elementor-id=\"12358\" class=\"elementor elementor-12358\">\n\t\t\t\t\t\t\t\t\t<section class=\"elementor-section elementor-top-section elementor-element elementor-element-6068fa0 elementor-section-boxed elementor-section-height-default elementor-section-height-default qodef-elementor-content-no\" data-id=\"6068fa0\" data-element_type=\"section\">\n\t\t\t\t\t\t<div class=\"elementor-container elementor-column-gap-default\">\n\t\t\t\t\t<div class=\"elementor-column elementor-col-50 elementor-top-column elementor-element elementor-element-1096066\" data-id=\"1096066\" data-element_type=\"column\">\n\t\t\t<div class=\"elementor-widget-wrap elementor-element-populated\">\n\t\t\t\t\t\t\t\t<div class=\"elementor-element elementor-element-2368773 elementor-widget elementor-widget-text-editor\" data-id=\"2368773\" data-element_type=\"widget\" data-widget_type=\"text-editor.default\">\n\t\t\t\t<div class=\"elementor-widget-container\">\n\t\t\t<style>\/*! elementor - v3.18.0 - 20-12-2023 *\/\n.elementor-widget-text-editor.elementor-drop-cap-view-stacked .elementor-drop-cap{background-color:#69727d;color:#fff}.elementor-widget-text-editor.elementor-drop-cap-view-framed .elementor-drop-cap{color:#69727d;border:3px solid;background-color:transparent}.elementor-widget-text-editor:not(.elementor-drop-cap-view-default) .elementor-drop-cap{margin-top:8px}.elementor-widget-text-editor:not(.elementor-drop-cap-view-default) .elementor-drop-cap-letter{width:1em;height:1em}.elementor-widget-text-editor .elementor-drop-cap{float:left;text-align:center;line-height:1;font-size:50px}.elementor-widget-text-editor .elementor-drop-cap-letter{display:inline-block}<\/style>\t\t\t\t<p>Webseiteninhaber:<\/p><div>\u00a0<\/div><div>Lena Bushart<\/div><div>Karl-Liebknecht-Strasse 11<\/div><div>10178 Berlin<\/div><div>\u00a0<\/div><div><a href=\"mailto:mail@lenabushart.com\">mail@lenabushart.com<\/a><\/div><div>\u00a0<\/div><div>Copyright aller Bilder und Videos liegt bei<\/div><div><p>Lena Bushart, 2023<\/p><div>\u00a0<\/div><div>Webdesign &amp; Logo Design<\/div><div>Nina Constantinescu <em><a href=\"https:\/\/www.instagram.com\/supercollectivedesign\/\" target=\"_blank\" rel=\"noopener\">@supercollectivedesign<\/a><\/em><\/div><\/div><div>\u00a0<\/div><div>Online-Streitbeilegung (OS)<\/div><div><p>Online-Streitbeilegung: Die Europ\u00e4ische Kommission stellt eine Plattform zur Online-Streitbeilegung (OS) bereit, die Sie unter\u00a0<a href=\"https:\/\/ec.europa.eu\/consumers\/odr\/\" target=\"_blank\" rel=\"noopener noreferrer\">https:\/\/ec.europa.eu\/consumers\/odr\/<\/a>\u00a0finden. Verbraucher haben die M\u00f6glichkeit, diese Plattform f\u00fcr die Beilegung ihrer Streitigkeiten zu nutzen.<\/p><\/div><div>\u00a0<\/div>\t\t\t\t\t\t<\/div>\n\t\t\t\t<\/div>\n\t\t\t\t\t<\/div>\n\t\t<\/div>\n\t\t\t\t<div class=\"elementor-column elementor-col-50 elementor-top-column elementor-element elementor-element-1c62443\" data-id=\"1c62443\" data-element_type=\"column\">\n\t\t\t<div class=\"elementor-widget-wrap elementor-element-populated\">\n\t\t\t\t\t\t\t\t<div class=\"elementor-element elementor-element-6f008f8 elementor-widget elementor-widget-text-editor\" data-id=\"6f008f8\" data-element_type=\"widget\" data-widget_type=\"text-editor.default\">\n\t\t\t\t<div class=\"elementor-widget-container\">\n\t\t\t\t\t\t\t<p>Streitbeilegung vor einer Verbraucherschlichtungsstelle<br \/>Haftungs- und Schutzrechtshinweise<\/p><p><br \/>Haftungsausschluss:<\/p><p>Die Inhalte dieses Onlineangebotes wurden sorgf\u00e4ltig und nach unserem aktuellen Kenntnisstand erstellt, dienen jedoch nur der Information und entfalten keine rechtlich bindende Wirkung, sofern es sich nicht um gesetzlich verpflichtende Informationen (z.B. das Impressum, die Datenschutzerkl\u00e4rung, AGB oder verpflichtende Belehrungen von Verbrauchern) handelt. Wir behalten uns vor, die Inhalte vollst\u00e4ndig oder teilweise zu \u00e4ndern oder zu l\u00f6schen, soweit vertragliche Verpflichtungen unber\u00fchrt bleiben. Alle Angebote sind freibleibend und unverbindlich.<\/p><p><br \/>Links auf fremde Webseiten: Inhalte fremder Webseiten, auf die wir direkt oder indirekt verweisen, liegen au\u00dferhalb unseres Verantwortungsbereiches und machen wir uns nicht zu Eigen. F\u00fcr alle Inhalte und insbesondere f\u00fcr Sch\u00e4den, die aus der Nutzung der in den verlinkten Webseiten aufrufbaren Informationen entstehen, haftet allein der Anbieter der verlinkten Webseiten.<br \/>Urheberrechte und Markenrechte: Alle auf dieser Website dargestellten Inhalte, wie Texte, Fotografien, Grafiken, Marken und Warenzeichen sind durch die jeweiligen Schutzrechte (Urheberrechte, Markenrechte) gesch\u00fctzt. Die Verwendung, Vervielf\u00e4ltigung usw. unterliegen unseren Rechten oder den Rechten der jeweiligen Urheber bzw.<\/p><p>Rechteverwalter.<br \/>Hinweise auf Rechtsverst\u00f6\u00dfe: Sollten Sie innerhalb unseres Internetauftritts Rechtsverst\u00f6\u00dfe bemerken, bitten wir Sie uns auf diese hinzuweisen. Wir werden rechtswidrige Inhalte und Links nach Kenntnisnahme unverz\u00fcglich entfernen.<\/p>\t\t\t\t\t\t<\/div>\n\t\t\t\t<\/div>\n\t\t\t\t\t<\/div>\n\t\t<\/div>\n\t\t\t\t\t\t\t<\/div>\n\t\t<\/section>\n\t\t\t\t<section class=\"elementor-section elementor-top-section elementor-element elementor-element-b161e03 elementor-section-stretched elementor-section-boxed elementor-section-height-default elementor-section-height-default qodef-elementor-content-no\" data-id=\"b161e03\" data-element_type=\"section\" data-settings=\"{&quot;background_background&quot;:&quot;classic&quot;,&quot;stretch_section&quot;:&quot;section-stretched&quot;}\">\n\t\t\t\t\t\t<div class=\"elementor-container elementor-column-gap-default\">\n\t\t\t\t\t<div class=\"elementor-column elementor-col-33 elementor-top-column elementor-element elementor-element-128c6f1\" data-id=\"128c6f1\" data-element_type=\"column\">\n\t\t\t<div class=\"elementor-widget-wrap elementor-element-populated\">\n\t\t\t\t\t\t\t\t<div class=\"elementor-element elementor-element-df4564f elementor-widget__width-initial elementor-widget elementor-widget-image\" data-id=\"df4564f\" data-element_type=\"widget\" data-widget_type=\"image.default\">\n\t\t\t\t<div class=\"elementor-widget-container\">\n\t\t\t<style>\/*! elementor - v3.18.0 - 20-12-2023 *\/\n.elementor-widget-image{text-align:center}.elementor-widget-image a{display:inline-block}.elementor-widget-image a img[src$=\".svg\"]{width:48px}.elementor-widget-image img{vertical-align:middle;display:inline-block}<\/style>\t\t\t\t\t\t\t\t\t\t\t\t\t<a href=\"https:\/\/www.instagram.com\/mothersofthe.earth\/\" target=\"_blank\">\n\t\t\t\t\t\t\t<img decoding=\"async\" width=\"191\" height=\"191\" src=\"https:\/\/mothersofthe.earth\/wp-content\/uploads\/2023\/11\/insta-2.png\" class=\"attachment-large size-large wp-image-13220\" alt=\"\" srcset=\"https:\/\/mothersofthe.earth\/wp-content\/uploads\/2023\/11\/insta-2.png 191w, https:\/\/mothersofthe.earth\/wp-content\/uploads\/2023\/11\/insta-2-150x150.png 150w\" sizes=\"(max-width: 191px) 100vw, 191px\" \/>\t\t\t\t\t\t\t\t<\/a>\n\t\t\t\t\t\t\t\t\t\t\t\t\t\t\t<\/div>\n\t\t\t\t<\/div>\n\t\t\t\t\t<\/div>\n\t\t<\/div>\n\t\t\t\t<div class=\"elementor-column elementor-col-33 elementor-top-column elementor-element elementor-element-8a1c8a8\" data-id=\"8a1c8a8\" data-element_type=\"column\">\n\t\t\t<div class=\"elementor-widget-wrap elementor-element-populated\">\n\t\t\t\t\t\t\t\t<div class=\"elementor-element elementor-element-5e3bf61 elementor-widget elementor-widget-text-editor\" data-id=\"5e3bf61\" data-element_type=\"widget\" data-widget_type=\"text-editor.default\">\n\t\t\t\t<div class=\"elementor-widget-container\">\n\t\t\t\t\t\t\t<p><a href=\"https:\/\/donate.stripe.com\/9AQ2ba44o7tK5Uc144\">Unterst\u00fctze die Kampagne<\/a><br \/><a href=\"https:\/\/mothersofthe.earth\/photoshoot-wetplate-buchen\/\">Buche Dein Portrait<\/a><br \/><a href=\"mailto:welcome@mothersofthe.earth\">Maile mir <\/a> <br \/><a href=\"https:\/\/mothersofthe.earth\/impressum\/\">Impressum<\/a><br \/><a href=\"https:\/\/mothersofthe.earth\/wp-content\/uploads\/2023\/07\/Datenschutz_MOTE.pdf\" target=\"_blank\" rel=\"noopener\">Datenschutz<\/a><\/p>\t\t\t\t\t\t<\/div>\n\t\t\t\t<\/div>\n\t\t\t\t\t<\/div>\n\t\t<\/div>\n\t\t\t\t<div class=\"elementor-column elementor-col-33 elementor-top-column elementor-element elementor-element-f9b15a5\" data-id=\"f9b15a5\" data-element_type=\"column\">\n\t\t\t<div class=\"elementor-widget-wrap elementor-element-populated\">\n\t\t\t\t\t\t\t\t<div class=\"elementor-element elementor-element-1225076 elementor-widget elementor-widget-text-editor\" data-id=\"1225076\" data-element_type=\"widget\" data-widget_type=\"text-editor.default\">\n\t\t\t\t<div class=\"elementor-widget-container\">\n\t\t\t\t\t\t\t<p><a href=\"https:\/\/mothersofthe.earth\/crowdfunding-campaign\/\">Campaign<\/a><br \/><a href=\"https:\/\/mothersofthe.earth\/lena-bushart\/\">About<\/a><br \/><a href=\"https:\/\/mothersofthe.earth\/gallery\/\">Gallery<\/a><br \/><a href=\"https:\/\/mothersofthe.earth\/photoshoot-wetplate-buchen\/\">Booking<\/a><br \/><a href=\"https:\/\/mothersofthe.earth\/community\/\">Community<\/a><br \/><a href=\"https:\/\/mothersofthe.earth\/interviews\">Interviews<\/a><br \/>Shop (coming soon)\u00a0<\/p>\t\t\t\t\t\t<\/div>\n\t\t\t\t<\/div>\n\t\t\t\t\t<\/div>\n\t\t<\/div>\n\t\t\t\t\t\t\t<\/div>\n\t\t<\/section>\n\t\t\t\t<section class=\"elementor-section elementor-top-section elementor-element elementor-element-5db7144 elementor-section-boxed elementor-section-height-default elementor-section-height-default qodef-elementor-content-no\" data-id=\"5db7144\" data-element_type=\"section\">\n\t\t\t\t\t\t<div class=\"elementor-container elementor-column-gap-default\">\n\t\t\t\t\t<div class=\"elementor-column elementor-col-100 elementor-top-column elementor-element elementor-element-0e6638e\" data-id=\"0e6638e\" data-element_type=\"column\">\n\t\t\t<div class=\"elementor-widget-wrap elementor-element-populated\">\n\t\t\t\t\t\t\t\t<div class=\"elementor-element elementor-element-9e8fdb9 elementor-widget elementor-widget-text-editor\" data-id=\"9e8fdb9\" data-element_type=\"widget\" data-widget_type=\"text-editor.default\">\n\t\t\t\t<div class=\"elementor-widget-container\">\n\t\t\t\t\t\t\t<p style=\"text-align: center;\">\u00a92023 Lena Bushart &#8211; Mothers of the Earth &#8211; alle Rechte vorbehalten<\/p>\t\t\t\t\t\t<\/div>\n\t\t\t\t<\/div>\n\t\t\t\t\t<\/div>\n\t\t<\/div>\n\t\t\t\t\t\t\t<\/div>\n\t\t<\/section>\n\t\t\t\t\t\t\t<\/div>\n\t\t","protected":false},"excerpt":{"rendered":"<p>Webseiteninhaber: \u00a0Lena BushartKarl-Liebknecht-Strasse 1110178 Berlin\u00a0mail@lenabushart.com\u00a0Copyright aller Bilder und Videos liegt bei Lena Bushart, 2023 \u00a0Webdesign &amp; Logo DesignNina Constantinescu @supercollectivedesign\u00a0Online-Streitbeilegung (OS) Online-Streitbeilegung: Die Europ\u00e4ische Kommission stellt eine Plattform zur Online-Streitbeilegung (OS) bereit, die Sie unter\u00a0https:\/\/ec.europa.eu\/consumers\/odr\/\u00a0finden. Verbraucher haben die M\u00f6glichkeit, diese Plattform f\u00fcr die Beilegung ihrer Streitigkeiten zu nutzen. \u00a0 Streitbeilegung vor einer VerbraucherschlichtungsstelleHaftungs- und Schutzrechtshinweise [&hellip;]<\/p>\n","protected":false},"author":1,"featured_media":0,"parent":0,"menu_order":0,"comment_status":"closed","ping_status":"closed","template":"","meta":{"footnotes":""},"_links":{"self":[{"href":"https:\/\/mothersofthe.earth\/en\/wp-json\/wp\/v2\/pages\/12358"}],"collection":[{"href":"https:\/\/mothersofthe.earth\/en\/wp-json\/wp\/v2\/pages"}],"about":[{"href":"https:\/\/mothersofthe.earth\/en\/wp-json\/wp\/v2\/types\/page"}],"author":[{"embeddable":true,"href":"https:\/\/mothersofthe.earth\/en\/wp-json\/wp\/v2\/users\/1"}],"replies":[{"embeddable":true,"href":"https:\/\/mothersofthe.earth\/en\/wp-json\/wp\/v2\/comments?post=12358"}],"version-history":[{"count":25,"href":"https:\/\/mothersofthe.earth\/en\/wp-json\/wp\/v2\/pages\/12358\/revisions"}],"predecessor-version":[{"id":13297,"href":"https:\/\/mothersofthe.earth\/en\/wp-json\/wp\/v2\/pages\/12358\/revisions\/13297"}],"wp:attachment":[{"href":"https:\/\/mothersofthe.earth\/en\/wp-json\/wp\/v2\/media?parent=12358"}],"curies":[{"name":"wp","href":"https:\/\/api.w.org\/{rel}","templated":true}]}}