{"id":12050,"date":"2023-11-09T21:50:42","date_gmt":"2023-11-09T21:50:42","guid":{"rendered":"https:\/\/mothersofthe.earth\/?page_id=12050"},"modified":"2023-11-12T17:46:45","modified_gmt":"2023-11-12T17:46:45","slug":"frauen-portraits","status":"publish","type":"page","link":"https:\/\/mothersofthe.earth\/en\/frauen-portraits\/","title":{"rendered":"Frauen Portraits"},"content":{"rendered":"\t\t<div data-elementor-type=\"wp-page\" data-elementor-id=\"12050\" class=\"elementor elementor-12050\">\n\t\t\t\t\t\t\t\t\t<section class=\"elementor-section elementor-top-section elementor-element elementor-element-00849d7 elementor-section-full_width elementor-section-height-default elementor-section-height-default qodef-elementor-content-no\" data-id=\"00849d7\" data-element_type=\"section\">\n\t\t\t\t\t\t<div class=\"elementor-container elementor-column-gap-custom\">\n\t\t\t\t\t<div class=\"elementor-column elementor-col-33 elementor-top-column elementor-element elementor-element-3d21c90\" data-id=\"3d21c90\" data-element_type=\"column\">\n\t\t\t<div class=\"elementor-widget-wrap elementor-element-populated\">\n\t\t\t\t\t\t\t\t<div class=\"elementor-element elementor-element-0fa75a6 animated-slow elementor-invisible elementor-widget elementor-widget-qi_addons_for_elementor_interactive_banner\" data-id=\"0fa75a6\" data-element_type=\"widget\" data-settings=\"{&quot;_animation&quot;:&quot;fadeInDown&quot;}\" data-widget_type=\"qi_addons_for_elementor_interactive_banner.default\">\n\t\t\t\t<div class=\"elementor-widget-container\">\n\t\t\t<div class=\"qodef-shortcode qodef-m qodef-qi-interactive-banner qodef-layout--standard qodef--overlay\">\n\t<div class=\"qodef-m-image\">\n\t<img fetchpriority=\"high\" width=\"1212\" height=\"1500\" src=\"https:\/\/mothersofthe.earth\/wp-content\/uploads\/2023\/11\/katharina-priestess-goddess-mothers-of-the-earth.jpg\" class=\"attachment-full size-full\" alt=\"\" decoding=\"async\" srcset=\"https:\/\/mothersofthe.earth\/wp-content\/uploads\/2023\/11\/katharina-priestess-goddess-mothers-of-the-earth.jpg 1212w, https:\/\/mothersofthe.earth\/wp-content\/uploads\/2023\/11\/katharina-priestess-goddess-mothers-of-the-earth-242x300.jpg 242w, https:\/\/mothersofthe.earth\/wp-content\/uploads\/2023\/11\/katharina-priestess-goddess-mothers-of-the-earth-827x1024.jpg 827w, https:\/\/mothersofthe.earth\/wp-content\/uploads\/2023\/11\/katharina-priestess-goddess-mothers-of-the-earth-768x950.jpg 768w\" sizes=\"(max-width: 1212px) 100vw, 1212px\" \/><\/div>\n\t<div class=\"qodef-m-content\">\n\t\t<div class=\"qodef-m-content-inner\">\n\t\t\t\t\t\t\t\t\t\t\t<\/div>\n\t<\/div>\n\t<a itemprop=\"url\" href=\"\" class=\"qodef-m-banner-link\" target=\"_self\"><\/a>\n<\/div>\n\t\t<\/div>\n\t\t\t\t<\/div>\n\t\t\t\t<div class=\"elementor-element elementor-element-ce0a6ff elementor-widget elementor-widget-text-editor\" data-id=\"ce0a6ff\" data-element_type=\"widget\" data-widget_type=\"text-editor.default\">\n\t\t\t\t<div class=\"elementor-widget-container\">\n\t\t\t<style>\/*! elementor - v3.18.0 - 20-12-2023 *\/\n.elementor-widget-text-editor.elementor-drop-cap-view-stacked .elementor-drop-cap{background-color:#69727d;color:#fff}.elementor-widget-text-editor.elementor-drop-cap-view-framed .elementor-drop-cap{color:#69727d;border:3px solid;background-color:transparent}.elementor-widget-text-editor:not(.elementor-drop-cap-view-default) .elementor-drop-cap{margin-top:8px}.elementor-widget-text-editor:not(.elementor-drop-cap-view-default) .elementor-drop-cap-letter{width:1em;height:1em}.elementor-widget-text-editor .elementor-drop-cap{float:left;text-align:center;line-height:1;font-size:50px}.elementor-widget-text-editor .elementor-drop-cap-letter{display:inline-block}<\/style>\t\t\t\t<h6 class=\"p1\" style=\"text-align: center;\">Katharina<\/h6>\t\t\t\t\t\t<\/div>\n\t\t\t\t<\/div>\n\t\t\t\t<div class=\"elementor-element elementor-element-0cc05e8 animated-slow elementor-invisible elementor-widget elementor-widget-image\" data-id=\"0cc05e8\" data-element_type=\"widget\" data-settings=\"{&quot;_animation&quot;:&quot;fadeInDown&quot;}\" data-widget_type=\"image.default\">\n\t\t\t\t<div class=\"elementor-widget-container\">\n\t\t\t<style>\/*! elementor - v3.18.0 - 20-12-2023 *\/\n.elementor-widget-image{text-align:center}.elementor-widget-image a{display:inline-block}.elementor-widget-image a img[src$=\".svg\"]{width:48px}.elementor-widget-image img{vertical-align:middle;display:inline-block}<\/style>\t\t\t\t\t\t\t\t\t\t\t\t<img decoding=\"async\" width=\"826\" height=\"1024\" src=\"https:\/\/mothersofthe.earth\/wp-content\/uploads\/2023\/11\/rita-earth-sustainable-living-mothers-of-the-earth-826x1024.jpg\" class=\"attachment-large size-large wp-image-11104\" alt=\"\" srcset=\"https:\/\/mothersofthe.earth\/wp-content\/uploads\/2023\/11\/rita-earth-sustainable-living-mothers-of-the-earth-826x1024.jpg 826w, https:\/\/mothersofthe.earth\/wp-content\/uploads\/2023\/11\/rita-earth-sustainable-living-mothers-of-the-earth-242x300.jpg 242w, https:\/\/mothersofthe.earth\/wp-content\/uploads\/2023\/11\/rita-earth-sustainable-living-mothers-of-the-earth-768x952.jpg 768w, https:\/\/mothersofthe.earth\/wp-content\/uploads\/2023\/11\/rita-earth-sustainable-living-mothers-of-the-earth.jpg 1210w\" sizes=\"(max-width: 826px) 100vw, 826px\" \/>\t\t\t\t\t\t\t\t\t\t\t\t\t\t\t<\/div>\n\t\t\t\t<\/div>\n\t\t\t\t<div class=\"elementor-element elementor-element-4480db3 elementor-widget elementor-widget-text-editor\" data-id=\"4480db3\" data-element_type=\"widget\" data-widget_type=\"text-editor.default\">\n\t\t\t\t<div class=\"elementor-widget-container\">\n\t\t\t\t\t\t\t<h6 class=\"p1\" style=\"text-align: center;\">Rita<\/h6>\t\t\t\t\t\t<\/div>\n\t\t\t\t<\/div>\n\t\t\t\t\t<\/div>\n\t\t<\/div>\n\t\t\t\t<div class=\"elementor-column elementor-col-33 elementor-top-column elementor-element elementor-element-7c92637\" data-id=\"7c92637\" data-element_type=\"column\">\n\t\t\t<div class=\"elementor-widget-wrap elementor-element-populated\">\n\t\t\t\t\t\t\t\t<div class=\"elementor-element elementor-element-71154a0 elementor-widget elementor-widget-spacer\" data-id=\"71154a0\" data-element_type=\"widget\" data-widget_type=\"spacer.default\">\n\t\t\t\t<div class=\"elementor-widget-container\">\n\t\t\t<style>\/*! elementor - v3.18.0 - 20-12-2023 *\/\n.elementor-column .elementor-spacer-inner{height:var(--spacer-size)}.e-con{--container-widget-width:100%}.e-con-inner>.elementor-widget-spacer,.e-con>.elementor-widget-spacer{width:var(--container-widget-width,var(--spacer-size));--align-self:var(--container-widget-align-self,initial);--flex-shrink:0}.e-con-inner>.elementor-widget-spacer>.elementor-widget-container,.e-con>.elementor-widget-spacer>.elementor-widget-container{height:100%;width:100%}.e-con-inner>.elementor-widget-spacer>.elementor-widget-container>.elementor-spacer,.e-con>.elementor-widget-spacer>.elementor-widget-container>.elementor-spacer{height:100%}.e-con-inner>.elementor-widget-spacer>.elementor-widget-container>.elementor-spacer>.elementor-spacer-inner,.e-con>.elementor-widget-spacer>.elementor-widget-container>.elementor-spacer>.elementor-spacer-inner{height:var(--container-widget-height,var(--spacer-size))}.e-con-inner>.elementor-widget-spacer.elementor-widget-empty,.e-con>.elementor-widget-spacer.elementor-widget-empty{position:relative;min-height:22px;min-width:22px}.e-con-inner>.elementor-widget-spacer.elementor-widget-empty .elementor-widget-empty-icon,.e-con>.elementor-widget-spacer.elementor-widget-empty .elementor-widget-empty-icon{position:absolute;top:0;bottom:0;left:0;right:0;margin:auto;padding:0;width:22px;height:22px}<\/style>\t\t<div class=\"elementor-spacer\">\n\t\t\t<div class=\"elementor-spacer-inner\"><\/div>\n\t\t<\/div>\n\t\t\t\t<\/div>\n\t\t\t\t<\/div>\n\t\t\t\t<div class=\"elementor-element elementor-element-1213923 elementor-widget elementor-widget-text-editor\" data-id=\"1213923\" data-element_type=\"widget\" data-widget_type=\"text-editor.default\">\n\t\t\t\t<div class=\"elementor-widget-container\">\n\t\t\t\t\t\t\t<h6 class=\"p1\" style=\"text-align: center;\">Frauen<\/h6><p style=\"text-align: center;\">Portraits<\/p>\t\t\t\t\t\t<\/div>\n\t\t\t\t<\/div>\n\t\t\t\t<div class=\"elementor-element elementor-element-71272a2 animated-slow elementor-widget elementor-widget-qi_addons_for_elementor_interactive_banner\" data-id=\"71272a2\" data-element_type=\"widget\" data-settings=\"{&quot;_animation&quot;:&quot;none&quot;}\" data-widget_type=\"qi_addons_for_elementor_interactive_banner.default\">\n\t\t\t\t<div class=\"elementor-widget-container\">\n\t\t\t<div class=\"qodef-shortcode qodef-m qodef-qi-interactive-banner qodef-layout--standard qodef--overlay\">\n\t<div class=\"qodef-m-image\">\n\t<\/div>\n\t<div class=\"qodef-m-content\">\n\t\t<div class=\"qodef-m-content-inner\">\n\t\t\t\t\t\t\t<h3 class=\"qodef-m-title\">\n\t\tPORTUGAL\t<\/h3>\n\t\t\t\t\t<\/div>\n\t<\/div>\n\t<a itemprop=\"url\" href=\"\" class=\"qodef-m-banner-link\" target=\"_self\"><\/a>\n<\/div>\n\t\t<\/div>\n\t\t\t\t<\/div>\n\t\t\t\t<div class=\"elementor-element elementor-element-a445758 elementor-widget elementor-widget-spacer\" data-id=\"a445758\" data-element_type=\"widget\" data-widget_type=\"spacer.default\">\n\t\t\t\t<div class=\"elementor-widget-container\">\n\t\t\t\t\t<div class=\"elementor-spacer\">\n\t\t\t<div class=\"elementor-spacer-inner\"><\/div>\n\t\t<\/div>\n\t\t\t\t<\/div>\n\t\t\t\t<\/div>\n\t\t\t\t<div class=\"elementor-element elementor-element-733573a animated-slow elementor-invisible elementor-widget elementor-widget-qi_addons_for_elementor_interactive_banner\" data-id=\"733573a\" data-element_type=\"widget\" data-settings=\"{&quot;_animation&quot;:&quot;fadeInDown&quot;}\" data-widget_type=\"qi_addons_for_elementor_interactive_banner.default\">\n\t\t\t\t<div class=\"elementor-widget-container\">\n\t\t\t<div class=\"qodef-shortcode qodef-m qodef-qi-interactive-banner qodef-layout--standard qodef--overlay\">\n\t<div class=\"qodef-m-image\">\n\t<img width=\"1074\" height=\"1500\" src=\"https:\/\/mothersofthe.earth\/wp-content\/uploads\/2023\/11\/teresa-mamitay-woman-with-rose-portugal-ancestors-mothers-of-the-earth_02.jpg\" class=\"attachment-full size-full\" alt=\"\" decoding=\"async\" srcset=\"https:\/\/mothersofthe.earth\/wp-content\/uploads\/2023\/11\/teresa-mamitay-woman-with-rose-portugal-ancestors-mothers-of-the-earth_02.jpg 1074w, https:\/\/mothersofthe.earth\/wp-content\/uploads\/2023\/11\/teresa-mamitay-woman-with-rose-portugal-ancestors-mothers-of-the-earth_02-215x300.jpg 215w, https:\/\/mothersofthe.earth\/wp-content\/uploads\/2023\/11\/teresa-mamitay-woman-with-rose-portugal-ancestors-mothers-of-the-earth_02-733x1024.jpg 733w, https:\/\/mothersofthe.earth\/wp-content\/uploads\/2023\/11\/teresa-mamitay-woman-with-rose-portugal-ancestors-mothers-of-the-earth_02-768x1073.jpg 768w\" sizes=\"(max-width: 1074px) 100vw, 1074px\" \/><\/div>\n\t<div class=\"qodef-m-content\">\n\t\t<div class=\"qodef-m-content-inner\">\n\t\t\t\t\t\t\t\t\t\t\t<\/div>\n\t<\/div>\n\t<a itemprop=\"url\" href=\"\" class=\"qodef-m-banner-link\" target=\"_self\"><\/a>\n<\/div>\n\t\t<\/div>\n\t\t\t\t<\/div>\n\t\t\t\t<div class=\"elementor-element elementor-element-3680537 elementor-widget elementor-widget-text-editor\" data-id=\"3680537\" data-element_type=\"widget\" data-widget_type=\"text-editor.default\">\n\t\t\t\t<div class=\"elementor-widget-container\">\n\t\t\t\t\t\t\t<h6 class=\"p1\" style=\"text-align: center;\">Teresa<\/h6>\t\t\t\t\t\t<\/div>\n\t\t\t\t<\/div>\n\t\t\t\t\t<\/div>\n\t\t<\/div>\n\t\t\t\t<div class=\"elementor-column elementor-col-33 elementor-top-column elementor-element elementor-element-807728a\" data-id=\"807728a\" data-element_type=\"column\">\n\t\t\t<div class=\"elementor-widget-wrap elementor-element-populated\">\n\t\t\t\t\t\t\t\t<div class=\"elementor-element elementor-element-5b9b0cf animated-slow elementor-invisible elementor-widget elementor-widget-image\" data-id=\"5b9b0cf\" data-element_type=\"widget\" data-settings=\"{&quot;_animation&quot;:&quot;fadeInDown&quot;}\" data-widget_type=\"image.default\">\n\t\t\t\t<div class=\"elementor-widget-container\">\n\t\t\t\t\t\t\t\t\t\t\t\t\t\t\t<img loading=\"lazy\" decoding=\"async\" width=\"835\" height=\"1024\" src=\"https:\/\/mothersofthe.earth\/wp-content\/uploads\/2023\/11\/patty-women-the-keepers-of-life-mothers-of-the-earth-835x1024.jpg\" class=\"attachment-large size-large wp-image-12052\" alt=\"\" srcset=\"https:\/\/mothersofthe.earth\/wp-content\/uploads\/2023\/11\/patty-women-the-keepers-of-life-mothers-of-the-earth-835x1024.jpg 835w, https:\/\/mothersofthe.earth\/wp-content\/uploads\/2023\/11\/patty-women-the-keepers-of-life-mothers-of-the-earth-245x300.jpg 245w, https:\/\/mothersofthe.earth\/wp-content\/uploads\/2023\/11\/patty-women-the-keepers-of-life-mothers-of-the-earth-768x942.jpg 768w, https:\/\/mothersofthe.earth\/wp-content\/uploads\/2023\/11\/patty-women-the-keepers-of-life-mothers-of-the-earth.jpg 1223w\" sizes=\"(max-width: 835px) 100vw, 835px\" \/>\t\t\t\t\t\t\t\t\t\t\t\t\t\t\t<\/div>\n\t\t\t\t<\/div>\n\t\t\t\t<div class=\"elementor-element elementor-element-bebd8a8 elementor-widget elementor-widget-text-editor\" data-id=\"bebd8a8\" data-element_type=\"widget\" data-widget_type=\"text-editor.default\">\n\t\t\t\t<div class=\"elementor-widget-container\">\n\t\t\t\t\t\t\t<h6 class=\"p1\" style=\"text-align: center;\">Maureen<\/h6>\t\t\t\t\t\t<\/div>\n\t\t\t\t<\/div>\n\t\t\t\t<div class=\"elementor-element elementor-element-ad6cf95 animated-slow elementor-invisible elementor-widget elementor-widget-image\" data-id=\"ad6cf95\" data-element_type=\"widget\" data-settings=\"{&quot;_animation&quot;:&quot;fadeInDown&quot;}\" data-widget_type=\"image.default\">\n\t\t\t\t<div class=\"elementor-widget-container\">\n\t\t\t\t\t\t\t\t\t\t\t\t\t\t\t<img loading=\"lazy\" decoding=\"async\" width=\"821\" height=\"1024\" src=\"https:\/\/mothersofthe.earth\/wp-content\/uploads\/2023\/11\/Island_Frau_Ruecken_Lena_Bushart_Photography-821x1024.jpg\" class=\"attachment-large size-large wp-image-12056\" alt=\"\" srcset=\"https:\/\/mothersofthe.earth\/wp-content\/uploads\/2023\/11\/Island_Frau_Ruecken_Lena_Bushart_Photography-821x1024.jpg 821w, https:\/\/mothersofthe.earth\/wp-content\/uploads\/2023\/11\/Island_Frau_Ruecken_Lena_Bushart_Photography-241x300.jpg 241w, https:\/\/mothersofthe.earth\/wp-content\/uploads\/2023\/11\/Island_Frau_Ruecken_Lena_Bushart_Photography-768x958.jpg 768w, https:\/\/mothersofthe.earth\/wp-content\/uploads\/2023\/11\/Island_Frau_Ruecken_Lena_Bushart_Photography.jpg 1000w\" sizes=\"(max-width: 821px) 100vw, 821px\" \/>\t\t\t\t\t\t\t\t\t\t\t\t\t\t\t<\/div>\n\t\t\t\t<\/div>\n\t\t\t\t<div class=\"elementor-element elementor-element-1691c2a elementor-widget elementor-widget-text-editor\" data-id=\"1691c2a\" data-element_type=\"widget\" data-widget_type=\"text-editor.default\">\n\t\t\t\t<div class=\"elementor-widget-container\">\n\t\t\t\t\t\t\t<h6 class=\"p1\" style=\"text-align: center;\">Erna<\/h6>\t\t\t\t\t\t<\/div>\n\t\t\t\t<\/div>\n\t\t\t\t\t<\/div>\n\t\t<\/div>\n\t\t\t\t\t\t\t<\/div>\n\t\t<\/section>\n\t\t\t\t<section class=\"elementor-section elementor-top-section elementor-element elementor-element-78153b9 elementor-section-boxed elementor-section-height-default elementor-section-height-default qodef-elementor-content-no\" data-id=\"78153b9\" data-element_type=\"section\">\n\t\t\t\t\t\t<div class=\"elementor-container elementor-column-gap-default\">\n\t\t\t\t\t<div class=\"elementor-column elementor-col-100 elementor-top-column elementor-element elementor-element-a9e0500\" data-id=\"a9e0500\" data-element_type=\"column\">\n\t\t\t<div class=\"elementor-widget-wrap elementor-element-populated\">\n\t\t\t\t\t\t\t\t<div class=\"elementor-element elementor-element-bdffb8d elementor-align-center elementor-widget elementor-widget-button\" data-id=\"bdffb8d\" data-element_type=\"widget\" data-widget_type=\"button.default\">\n\t\t\t\t<div class=\"elementor-widget-container\">\n\t\t\t\t\t<div class=\"elementor-button-wrapper\">\n\t\t\t<a class=\"elementor-button elementor-button-link elementor-size-sm\" href=\"https:\/\/mothersofthe.earth\/gallery\">\n\t\t\t\t\t\t<span class=\"elementor-button-content-wrapper\">\n\t\t\t\t\t\t<span class=\"elementor-button-text\">Zur\u00fcck zur \u00dcbersicht<\/span>\n\t\t<\/span>\n\t\t\t\t\t<\/a>\n\t\t<\/div>\n\t\t\t\t<\/div>\n\t\t\t\t<\/div>\n\t\t\t\t\t<\/div>\n\t\t<\/div>\n\t\t\t\t\t\t\t<\/div>\n\t\t<\/section>\n\t\t\t\t<section class=\"elementor-section elementor-top-section elementor-element elementor-element-bd920ba elementor-section-stretched elementor-section-boxed elementor-section-height-default elementor-section-height-default qodef-elementor-content-no\" data-id=\"bd920ba\" data-element_type=\"section\" data-settings=\"{&quot;background_background&quot;:&quot;classic&quot;,&quot;stretch_section&quot;:&quot;section-stretched&quot;}\">\n\t\t\t\t\t\t<div class=\"elementor-container elementor-column-gap-default\">\n\t\t\t\t\t<div class=\"elementor-column elementor-col-33 elementor-top-column elementor-element elementor-element-5d4f490\" data-id=\"5d4f490\" data-element_type=\"column\">\n\t\t\t<div class=\"elementor-widget-wrap elementor-element-populated\">\n\t\t\t\t\t\t\t\t<div class=\"elementor-element elementor-element-66f5c90 elementor-widget__width-initial elementor-widget elementor-widget-image\" data-id=\"66f5c90\" data-element_type=\"widget\" data-widget_type=\"image.default\">\n\t\t\t\t<div class=\"elementor-widget-container\">\n\t\t\t\t\t\t\t\t\t\t\t\t\t\t\t\t<a href=\"https:\/\/www.instagram.com\/lenabushart\" target=\"_blank\">\n\t\t\t\t\t\t\t<img loading=\"lazy\" decoding=\"async\" width=\"191\" height=\"191\" src=\"https:\/\/mothersofthe.earth\/wp-content\/uploads\/2023\/11\/followbatches.png\" class=\"attachment-large size-large wp-image-11225\" alt=\"\" srcset=\"https:\/\/mothersofthe.earth\/wp-content\/uploads\/2023\/11\/followbatches.png 191w, https:\/\/mothersofthe.earth\/wp-content\/uploads\/2023\/11\/followbatches-150x150.png 150w\" sizes=\"(max-width: 191px) 100vw, 191px\" \/>\t\t\t\t\t\t\t\t<\/a>\n\t\t\t\t\t\t\t\t\t\t\t\t\t\t\t<\/div>\n\t\t\t\t<\/div>\n\t\t\t\t\t<\/div>\n\t\t<\/div>\n\t\t\t\t<div class=\"elementor-column elementor-col-33 elementor-top-column elementor-element elementor-element-ad1fdf2\" data-id=\"ad1fdf2\" data-element_type=\"column\">\n\t\t\t<div class=\"elementor-widget-wrap elementor-element-populated\">\n\t\t\t\t\t\t\t\t<div class=\"elementor-element elementor-element-b034cef elementor-widget elementor-widget-text-editor\" data-id=\"b034cef\" data-element_type=\"widget\" data-widget_type=\"text-editor.default\">\n\t\t\t\t<div class=\"elementor-widget-container\">\n\t\t\t\t\t\t\t<h5><a href=\"https:\/\/donate.stripe.com\/9AQ2ba44o7tK5Uc144\">Unterst\u00fctze die Kampagne<\/a><br \/><a href=\"https:\/\/mothersofthe.earth\/photoshoot-wetplate-buchen\/\">Buche Dein Portrait<\/a><br \/><a href=\"mailto:welcome@mothersofthe.earth\">Maile mir <\/a> <br \/><a href=\"https:\/\/mothersofthe.earth\/impressum\/\">Impressum<\/a><br \/><a href=\"https:\/\/mothersofthe.earth\/wp-content\/uploads\/2023\/07\/Datenschutz_MOTE.pdf\" target=\"_blank\" rel=\"noopener\">Datenschutz<\/a><\/h5>\t\t\t\t\t\t<\/div>\n\t\t\t\t<\/div>\n\t\t\t\t\t<\/div>\n\t\t<\/div>\n\t\t\t\t<div class=\"elementor-column elementor-col-33 elementor-top-column elementor-element elementor-element-de01618\" data-id=\"de01618\" data-element_type=\"column\">\n\t\t\t<div class=\"elementor-widget-wrap elementor-element-populated\">\n\t\t\t\t\t\t\t\t<div class=\"elementor-element elementor-element-3a40e0a elementor-widget elementor-widget-text-editor\" data-id=\"3a40e0a\" data-element_type=\"widget\" data-widget_type=\"text-editor.default\">\n\t\t\t\t<div class=\"elementor-widget-container\">\n\t\t\t\t\t\t\t<h5><a href=\"https:\/\/mothersofthe.earth\/crowdfunding-campagne\/\">Campaign<\/a><br \/><a href=\"https:\/\/mothersofthe.earth\/lena-bushart\/\">About<\/a><br \/><a href=\"https:\/\/mothersofthe.earth\/gallery\/\">Gallery<\/a><br \/><a href=\"https:\/\/mothersofthe.earth\/photoshoot-wetplate-buchen\/\">Booking<\/a><br \/><a href=\"https:\/\/mothersofthe.earth\/community\/\">Community<\/a><br \/><a href=\"https:\/\/mothersofthe.earth\/interviews\">Interviews<\/a><br \/>Shop (coming soon)\u00a0<\/h5>\t\t\t\t\t\t<\/div>\n\t\t\t\t<\/div>\n\t\t\t\t\t<\/div>\n\t\t<\/div>\n\t\t\t\t\t\t\t<\/div>\n\t\t<\/section>\n\t\t\t\t<section class=\"elementor-section elementor-top-section elementor-element elementor-element-5480902 elementor-section-boxed elementor-section-height-default elementor-section-height-default qodef-elementor-content-no\" data-id=\"5480902\" data-element_type=\"section\">\n\t\t\t\t\t\t<div class=\"elementor-container elementor-column-gap-default\">\n\t\t\t\t\t<div class=\"elementor-column elementor-col-100 elementor-top-column elementor-element elementor-element-8939934\" data-id=\"8939934\" data-element_type=\"column\">\n\t\t\t<div class=\"elementor-widget-wrap elementor-element-populated\">\n\t\t\t\t\t\t\t\t<div class=\"elementor-element elementor-element-64e7bd7 elementor-widget elementor-widget-text-editor\" data-id=\"64e7bd7\" data-element_type=\"widget\" data-widget_type=\"text-editor.default\">\n\t\t\t\t<div class=\"elementor-widget-container\">\n\t\t\t\t\t\t\t<p style=\"text-align: center;\">\u00a92023 Lena Bushart &#8211; Mothers of the Earth &#8211; alle Rechte vorbehalten<\/p>\t\t\t\t\t\t<\/div>\n\t\t\t\t<\/div>\n\t\t\t\t\t<\/div>\n\t\t<\/div>\n\t\t\t\t\t\t\t<\/div>\n\t\t<\/section>\n\t\t\t\t\t\t\t<\/div>\n\t\t","protected":false},"excerpt":{"rendered":"<p>Katharina Rita Frauen Portraits PORTUGAL Teresa Maureen Erna Zur\u00fcck zur \u00dcbersicht Unterst\u00fctze die KampagneBuche Dein PortraitMaile mir ImpressumDatenschutz CampaignAboutGalleryBookingCommunityInterviewsShop (coming soon)\u00a0 \u00a92023 Lena Bushart &#8211; Mothers of the Earth &#8211; alle Rechte vorbehalten<\/p>","protected":false},"author":2,"featured_media":0,"parent":0,"menu_order":0,"comment_status":"closed","ping_status":"closed","template":"","meta":{"footnotes":""},"_links":{"self":[{"href":"https:\/\/mothersofthe.earth\/en\/wp-json\/wp\/v2\/pages\/12050"}],"collection":[{"href":"https:\/\/mothersofthe.earth\/en\/wp-json\/wp\/v2\/pages"}],"about":[{"href":"https:\/\/mothersofthe.earth\/en\/wp-json\/wp\/v2\/types\/page"}],"author":[{"embeddable":true,"href":"https:\/\/mothersofthe.earth\/en\/wp-json\/wp\/v2\/users\/2"}],"replies":[{"embeddable":true,"href":"https:\/\/mothersofthe.earth\/en\/wp-json\/wp\/v2\/comments?post=12050"}],"version-history":[{"count":13,"href":"https:\/\/mothersofthe.earth\/en\/wp-json\/wp\/v2\/pages\/12050\/revisions"}],"predecessor-version":[{"id":13171,"href":"https:\/\/mothersofthe.earth\/en\/wp-json\/wp\/v2\/pages\/12050\/revisions\/13171"}],"wp:attachment":[{"href":"https:\/\/mothersofthe.earth\/en\/wp-json\/wp\/v2\/media?parent=12050"}],"curies":[{"name":"wp","href":"https:\/\/api.w.org\/{rel}","templated":true}]}}